{"id":279,"date":"2025-11-14T00:09:45","date_gmt":"2025-11-14T00:09:45","guid":{"rendered":"https:\/\/etsuko32.com\/about-us\/"},"modified":"2025-11-20T23:01:14","modified_gmt":"2025-11-20T23:01:14","slug":"about-us","status":"publish","type":"page","link":"https:\/\/etsuko32.com\/sr\/about-us\/","title":{"rendered":"O nama"},"content":{"rendered":"<div data-elementor-type=\"wp-page\" data-elementor-id=\"279\" class=\"elementor elementor-279\" data-elementor-post-type=\"page\">\n\t\t\t\t<div class=\"elementor-element elementor-element-0380669 e-con-full e-flex e-con e-parent\" data-id=\"0380669\" data-element_type=\"container\" data-e-type=\"container\" data-settings=\"{&quot;background_background&quot;:&quot;classic&quot;}\">\n\t\t<div class=\"elementor-element elementor-element-913d86b e-con-full e-flex e-con e-child\" data-id=\"913d86b\" data-element_type=\"container\" data-e-type=\"container\" data-settings=\"{&quot;background_background&quot;:&quot;classic&quot;}\">\n\t\t\t\t<div class=\"elementor-element elementor-element-3ef87dc elementor-widget elementor-widget-heading\" data-id=\"3ef87dc\" data-element_type=\"widget\" data-e-type=\"widget\" data-widget_type=\"heading.default\">\n\t\t\t\t\t<h2 class=\"elementor-heading-title elementor-size-default\">O nama<\/h2>\t\t\t\t<\/div>\n\t\t\t\t<\/div>\n\t\t<div class=\"elementor-element elementor-element-2aeb3bf e-con-full e-flex e-con e-child\" data-id=\"2aeb3bf\" data-element_type=\"container\" data-e-type=\"container\">\n\t\t\t\t<\/div>\n\t\t\t\t<\/div>\n\t\t<div class=\"elementor-element elementor-element-2eaf1b8 e-con-full e-flex e-con e-parent\" data-id=\"2eaf1b8\" data-element_type=\"container\" data-e-type=\"container\">\n\t\t<div class=\"elementor-element elementor-element-5bb6883 e-con-full e-flex e-con e-child\" data-id=\"5bb6883\" data-element_type=\"container\" data-e-type=\"container\">\n\t\t<div class=\"elementor-element elementor-element-cd0ec77 e-con-full e-flex e-con e-child\" data-id=\"cd0ec77\" data-element_type=\"container\" data-e-type=\"container\" data-settings=\"{&quot;animation&quot;:&quot;none&quot;}\">\n\t\t<div class=\"elementor-element elementor-element-49c8a5b e-con-full e-flex e-con e-child\" data-id=\"49c8a5b\" data-element_type=\"container\" data-e-type=\"container\" data-settings=\"{&quot;animation&quot;:&quot;none&quot;}\">\n\t\t\t\t<div class=\"elementor-element elementor-element-958cd42 elementor-invisible elementor-widget elementor-widget-image\" data-id=\"958cd42\" data-element_type=\"widget\" data-e-type=\"widget\" data-settings=\"{&quot;_animation&quot;:&quot;fadeIn&quot;}\" data-widget_type=\"image.default\">\n\t\t\t\t\t\t\t\t\t\t\t\t\t\t\t<img fetchpriority=\"high\" decoding=\"async\" width=\"1200\" height=\"1599\" src=\"https:\/\/etsuko32.com\/wp-content\/uploads\/2025\/11\/WhatsApp-Image-2025-11-18-at-3.52.06-PM.jpeg\" class=\"attachment-full size-full wp-image-842\" alt=\"\" srcset=\"https:\/\/etsuko32.com\/wp-content\/uploads\/2025\/11\/WhatsApp-Image-2025-11-18-at-3.52.06-PM.jpeg 1200w, https:\/\/etsuko32.com\/wp-content\/uploads\/2025\/11\/WhatsApp-Image-2025-11-18-at-3.52.06-PM-600x800.jpeg 600w, https:\/\/etsuko32.com\/wp-content\/uploads\/2025\/11\/WhatsApp-Image-2025-11-18-at-3.52.06-PM-225x300.jpeg 225w, https:\/\/etsuko32.com\/wp-content\/uploads\/2025\/11\/WhatsApp-Image-2025-11-18-at-3.52.06-PM-768x1023.jpeg 768w, https:\/\/etsuko32.com\/wp-content\/uploads\/2025\/11\/WhatsApp-Image-2025-11-18-at-3.52.06-PM-1153x1536.jpeg 1153w\" sizes=\"(max-width: 1200px) 100vw, 1200px\" \/>\t\t\t\t\t\t\t\t\t\t\t\t\t\t\t<\/div>\n\t\t\t\t<\/div>\n\t\t<div class=\"elementor-element elementor-element-b62c76d e-con-full e-flex e-con e-child\" data-id=\"b62c76d\" data-element_type=\"container\" data-e-type=\"container\" data-settings=\"{&quot;animation&quot;:&quot;none&quot;}\">\n\t\t\t\t<div class=\"elementor-element elementor-element-50aa62e elementor-widget__width-initial elementor-widget-tablet__width-inherit elementor-widget elementor-widget-heading\" data-id=\"50aa62e\" data-element_type=\"widget\" data-e-type=\"widget\" data-settings=\"{&quot;_animation&quot;:&quot;none&quot;}\" data-widget_type=\"heading.default\">\n\t\t\t\t\t<h2 class=\"elementor-heading-title elementor-size-default\">Kreativna direktorka \u2013 Sonja<\/h2>\t\t\t\t<\/div>\n\t\t\t\t<div class=\"elementor-element elementor-element-90a70ae elementor-widget__width-initial elementor-widget-tablet__width-inherit animated-slow elementor-invisible elementor-widget elementor-widget-text-editor\" data-id=\"90a70ae\" data-element_type=\"widget\" data-e-type=\"widget\" data-settings=\"{&quot;_animation&quot;:&quot;fadeIn&quot;,&quot;_animation_delay&quot;:300}\" data-widget_type=\"text-editor.default\">\n\t\t\t\t\t\t\t\t\t<p>Kada sam bila mala, omiljene igra\u010dke su mi bili dugmi\u0107i. Verovala sam da je cvet okrenut naopa\u010dke zapravo devoj\u010dica u haljini.<\/p>\t\t\t\t\t\t\t\t<\/div>\n\t\t\t\t<div class=\"elementor-element elementor-element-57efdf2 elementor-widget__width-initial elementor-widget-tablet__width-inherit animated-slow elementor-invisible elementor-widget elementor-widget-text-editor\" data-id=\"57efdf2\" data-element_type=\"widget\" data-e-type=\"widget\" data-settings=\"{&quot;_animation&quot;:&quot;fadeIn&quot;,&quot;_animation_delay&quot;:300}\" data-widget_type=\"text-editor.default\">\n\t\t\t\t\t\t\t\t\t<p>Oduvek fascinirana modom, zahvaljuju\u0107i komadima Mirjane Mari\u0107 koje je moja majka nosila. Na kraju sam studirala istoriju umetnosti, umesto kostimografije, ali me taj san nikada nije napustio. Nakon kora\u010danja stazama Salvadora Dalija, potreba za li\u010dnim izra\u017eavanjem u modi postala je imperativ.<\/p>\t\t\t\t\t\t\t\t<\/div>\n\t\t\t\t<div class=\"elementor-element elementor-element-0f00ab9 elementor-widget__width-initial elementor-widget-tablet__width-inherit animated-slow elementor-invisible elementor-widget elementor-widget-text-editor\" data-id=\"0f00ab9\" data-element_type=\"widget\" data-e-type=\"widget\" data-settings=\"{&quot;_animation&quot;:&quot;fadeIn&quot;,&quot;_animation_delay&quot;:300}\" data-widget_type=\"text-editor.default\">\n\t\t\t\t\t\t\t\t\t<p>Etsuko je nastao kao anagram mog imena, ali i kao oma\u017e japanskoj estetici \u2014 \u010distoj, uravnote\u017eenoj i ve\u010dno modernoj.<\/p>\t\t\t\t\t\t\t\t<\/div>\n\t\t\t\t<\/div>\n\t\t\t\t<\/div>\n\t\t\t\t<\/div>\n\t\t\t\t<\/div>\n\t\t\t\t<section class=\"elementor-section elementor-top-section elementor-element elementor-element-15fe010 elementor-section-content-middle elementor-hidden-desktop elementor-hidden-tablet elementor-hidden-mobile elementor-section-boxed elementor-section-height-default elementor-section-height-default\" data-id=\"15fe010\" data-element_type=\"section\" data-e-type=\"section\" data-settings=\"{&quot;background_background&quot;:&quot;classic&quot;}\">\n\t\t\t\t\t\t<div class=\"elementor-container elementor-column-gap-no\">\n\t\t\t\t\t<div class=\"elementor-column elementor-col-50 elementor-top-column elementor-element elementor-element-37ac14a elementor-invisible\" data-id=\"37ac14a\" data-element_type=\"column\" data-e-type=\"column\" data-settings=\"{&quot;animation&quot;:&quot;fadeInLeft&quot;}\">\n\t\t\t<div class=\"elementor-widget-wrap elementor-element-populated\">\n\t\t\t\t\t\t<div class=\"elementor-element elementor-element-2c52b9b elementor-widget-tablet__width-inherit elementor-widget elementor-widget-heading\" data-id=\"2c52b9b\" data-element_type=\"widget\" data-e-type=\"widget\" data-widget_type=\"heading.default\">\n\t\t\t\t\t<h2 class=\"elementor-heading-title elementor-size-default\">What We Do For You<\/h2>\t\t\t\t<\/div>\n\t\t\t\t<div class=\"elementor-element elementor-element-4b716de elementor-widget-tablet__width-inherit elementor-widget elementor-widget-text-editor\" data-id=\"4b716de\" data-element_type=\"widget\" data-e-type=\"widget\" data-widget_type=\"text-editor.default\">\n\t\t\t\t\t\t\t\t\tAdd a touch of nature into your home with our beautiful collection of plants. We have a huge collection of cactuses, money plants and other indoor plants that will brighten up your living room.\t\t\t\t\t\t\t\t<\/div>\n\t\t\t\t<div class=\"elementor-element elementor-element-9bca30c elementor-widget-tablet__width-inherit elementor-widget elementor-widget-text-editor\" data-id=\"9bca30c\" data-element_type=\"widget\" data-e-type=\"widget\" data-widget_type=\"text-editor.default\">\n\t\t\t\t\t\t\t\t\tYou can also browse our outdoor plants collection to decorate your patio, balconies and other outdoor spaces\t\t\t\t\t\t\t\t<\/div>\n\t\t\t\t<div class=\"elementor-element elementor-element-1784dd8 elementor-widget-tablet__width-inherit elementor-widget elementor-widget-text-editor\" data-id=\"1784dd8\" data-element_type=\"widget\" data-e-type=\"widget\" data-widget_type=\"text-editor.default\">\n\t\t\t\t\t\t\t\t\tLorem ipsum dolor sit amet, consetetur sadipscing elitr, sed diam nonumy eirmod tempor invidunt ut labore et dolore magna aliquyam erat, sed diam voluptua. At vero eos et accusam et justo duo dolores et ea rebum. Stet clita kasd gubergren, no sea\t\t\t\t\t\t\t\t<\/div>\n\t\t\t\t\t<\/div>\n\t\t<\/div>\n\t\t\t\t<div class=\"elementor-column elementor-col-50 elementor-top-column elementor-element elementor-element-918a978 elementor-invisible\" data-id=\"918a978\" data-element_type=\"column\" data-e-type=\"column\" data-settings=\"{&quot;animation&quot;:&quot;fadeInRight&quot;}\">\n\t\t\t<div class=\"elementor-widget-wrap elementor-element-populated\">\n\t\t\t\t\t\t<section class=\"elementor-section elementor-inner-section elementor-element elementor-element-bb74a8d elementor-section-boxed elementor-section-height-default elementor-section-height-default\" data-id=\"bb74a8d\" data-element_type=\"section\" data-e-type=\"section\">\n\t\t\t\t\t\t<div class=\"elementor-container elementor-column-gap-no\">\n\t\t\t\t\t<div class=\"elementor-column elementor-col-50 elementor-inner-column elementor-element elementor-element-3c723ee\" data-id=\"3c723ee\" data-element_type=\"column\" data-e-type=\"column\">\n\t\t\t<div class=\"elementor-widget-wrap elementor-element-populated\">\n\t\t\t\t\t\t<div class=\"elementor-element elementor-element-994f038 eael-infobox-shape-radius eael-infobox-hover-img-shape-radius elementor-widget-mobile__width-inherit eael-infobox-content-align--center elementor-widget elementor-widget-eael-info-box\" data-id=\"994f038\" data-element_type=\"widget\" data-e-type=\"widget\" data-widget_type=\"eael-info-box.default\">\n\t\t\t\t\t        <div class=\"eael-infobox icon-on-top\">\n\t            <div class=\"infobox-icon\">\n\n                            <img decoding=\"async\" src=\"https:\/\/etsuko32.com\/wp-content\/uploads\/2025\/11\/3a97b372-2.png\" alt=\"\">\n            \n            \n            \n        <\/div>\n            <div class=\"infobox-content\">\n                    <div class=\"infobox-title-section\">\n                <h2 class=\"title\">100% Moneyback<\/h2>            <\/div>\n            <div>Lorem ipsum dolor sit amet, consetetur sadipscing elitr, sed diam nonumy eirmod..<\/div>        <\/div>\n            <\/div>\n\n\t\t\t\t\t\t<\/div>\n\t\t\t\t\t<\/div>\n\t\t<\/div>\n\t\t\t\t<div class=\"elementor-column elementor-col-50 elementor-inner-column elementor-element elementor-element-a076604\" data-id=\"a076604\" data-element_type=\"column\" data-e-type=\"column\">\n\t\t\t<div class=\"elementor-widget-wrap elementor-element-populated\">\n\t\t\t\t\t\t<div class=\"elementor-element elementor-element-077e0c2 eael-infobox-shape-radius eael-infobox-hover-img-shape-radius elementor-widget-mobile__width-inherit eael-infobox-content-align--center elementor-widget elementor-widget-eael-info-box\" data-id=\"077e0c2\" data-element_type=\"widget\" data-e-type=\"widget\" data-widget_type=\"eael-info-box.default\">\n\t\t\t\t\t        <div class=\"eael-infobox icon-on-top\">\n\t            <div class=\"infobox-icon\">\n\n                            <img decoding=\"async\" src=\"https:\/\/etsuko32.com\/wp-content\/uploads\/2025\/11\/4ea556c0-1.png\" alt=\"\">\n            \n            \n            \n        <\/div>\n            <div class=\"infobox-content\">\n                    <div class=\"infobox-title-section\">\n                <h2 class=\"title\">Free Shipping<\/h2>            <\/div>\n            <div>Lorem ipsum dolor sit amet, consetetur sadipscing elitr, sed diam nonumy eirmod..<\/div>        <\/div>\n            <\/div>\n\n\t\t\t\t\t\t<\/div>\n\t\t\t\t\t<\/div>\n\t\t<\/div>\n\t\t\t\t\t<\/div>\n\t\t<\/section>\n\t\t\t\t<section class=\"elementor-section elementor-inner-section elementor-element elementor-element-d206dc3 elementor-section-boxed elementor-section-height-default elementor-section-height-default\" data-id=\"d206dc3\" data-element_type=\"section\" data-e-type=\"section\">\n\t\t\t\t\t\t<div class=\"elementor-container elementor-column-gap-no\">\n\t\t\t\t\t<div class=\"elementor-column elementor-col-50 elementor-inner-column elementor-element elementor-element-aa97d2d\" data-id=\"aa97d2d\" data-element_type=\"column\" data-e-type=\"column\">\n\t\t\t<div class=\"elementor-widget-wrap elementor-element-populated\">\n\t\t\t\t\t\t<div class=\"elementor-element elementor-element-787036b eael-infobox-shape-radius eael-infobox-hover-img-shape-radius elementor-widget-mobile__width-inherit eael-infobox-content-align--center elementor-widget elementor-widget-eael-info-box\" data-id=\"787036b\" data-element_type=\"widget\" data-e-type=\"widget\" data-widget_type=\"eael-info-box.default\">\n\t\t\t\t\t        <div class=\"eael-infobox icon-on-top\">\n\t            <div class=\"infobox-icon\">\n\n                            <img decoding=\"async\" src=\"https:\/\/etsuko32.com\/wp-content\/uploads\/2025\/11\/abb622ba-4.png\" alt=\"\">\n            \n            \n            \n        <\/div>\n            <div class=\"infobox-content\">\n                    <div class=\"infobox-title-section\">\n                <h2 class=\"title\">Gardening Services<\/h2>            <\/div>\n            <div>Lorem ipsum dolor sit amet, consetetur sadipscing elitr, sed diam nonumy eirmod..<\/div>        <\/div>\n            <\/div>\n\n\t\t\t\t\t\t<\/div>\n\t\t\t\t\t<\/div>\n\t\t<\/div>\n\t\t\t\t<div class=\"elementor-column elementor-col-50 elementor-inner-column elementor-element elementor-element-2e857b8\" data-id=\"2e857b8\" data-element_type=\"column\" data-e-type=\"column\">\n\t\t\t<div class=\"elementor-widget-wrap elementor-element-populated\">\n\t\t\t\t\t\t<div class=\"elementor-element elementor-element-a6e0b17 eael-infobox-shape-radius eael-infobox-hover-img-shape-radius elementor-widget-mobile__width-inherit eael-infobox-content-align--center elementor-widget elementor-widget-eael-info-box\" data-id=\"a6e0b17\" data-element_type=\"widget\" data-e-type=\"widget\" data-widget_type=\"eael-info-box.default\">\n\t\t\t\t\t        <div class=\"eael-infobox icon-on-top\">\n\t            <div class=\"infobox-icon\">\n\n                            <img decoding=\"async\" src=\"https:\/\/etsuko32.com\/wp-content\/uploads\/2025\/11\/5cdf8c85-3.png\" alt=\"\">\n            \n            \n            \n        <\/div>\n            <div class=\"infobox-content\">\n                    <div class=\"infobox-title-section\">\n                <h2 class=\"title\">Plant Care Tips<\/h2>            <\/div>\n            <div>Lorem ipsum dolor sit amet, consetetur sadipscing elitr, sed diam nonumy eirmod..<\/div>        <\/div>\n            <\/div>\n\n\t\t\t\t\t\t<\/div>\n\t\t\t\t\t<\/div>\n\t\t<\/div>\n\t\t\t\t\t<\/div>\n\t\t<\/section>\n\t\t\t\t<div class=\"elementor-element elementor-element-87a6ce3 elementor-widget elementor-widget-spacer\" data-id=\"87a6ce3\" data-element_type=\"widget\" data-e-type=\"widget\" data-widget_type=\"spacer.default\">\n\t\t\t\t\t\t\t<div class=\"elementor-spacer\">\n\t\t\t<div class=\"elementor-spacer-inner\"><\/div>\n\t\t<\/div>\n\t\t\t\t\t\t<\/div>\n\t\t\t\t\t<\/div>\n\t\t<\/div>\n\t\t\t\t\t<\/div>\n\t\t<\/section>\n\t\t\t\t<\/div>","protected":false},"excerpt":{"rendered":"<p>About Creative director &#8211; Sonya When i was little , my favorite toys were buttons. I used to believe that the flower turned upside down was a girl in a dress. Always fascinated by fashion, thanks to pieces by Mirjana Mari\u0107 that my mother used to wear . I ended up studying history of art, [&hellip;]<\/p>\n","protected":false},"author":1,"featured_media":0,"parent":0,"menu_order":0,"comment_status":"closed","ping_status":"closed","template":"elementor_header_footer","meta":{"footnotes":""},"class_list":["post-279","page","type-page","status-publish","hentry"],"_hostinger_reach_plugin_has_subscription_block":false,"_hostinger_reach_plugin_is_elementor":false,"_links":{"self":[{"href":"https:\/\/etsuko32.com\/sr\/wp-json\/wp\/v2\/pages\/279","targetHints":{"allow":["GET"]}}],"collection":[{"href":"https:\/\/etsuko32.com\/sr\/wp-json\/wp\/v2\/pages"}],"about":[{"href":"https:\/\/etsuko32.com\/sr\/wp-json\/wp\/v2\/types\/page"}],"author":[{"embeddable":true,"href":"https:\/\/etsuko32.com\/sr\/wp-json\/wp\/v2\/users\/1"}],"replies":[{"embeddable":true,"href":"https:\/\/etsuko32.com\/sr\/wp-json\/wp\/v2\/comments?post=279"}],"version-history":[{"count":63,"href":"https:\/\/etsuko32.com\/sr\/wp-json\/wp\/v2\/pages\/279\/revisions"}],"predecessor-version":[{"id":1461,"href":"https:\/\/etsuko32.com\/sr\/wp-json\/wp\/v2\/pages\/279\/revisions\/1461"}],"wp:attachment":[{"href":"https:\/\/etsuko32.com\/sr\/wp-json\/wp\/v2\/media?parent=279"}],"curies":[{"name":"wp","href":"https:\/\/api.w.org\/{rel}","templated":true}]}}