{"id":1040,"date":"2025-11-19T15:56:03","date_gmt":"2025-11-19T15:56:03","guid":{"rendered":"https:\/\/etsuko32.com\/?post_type=product&#038;p=1040"},"modified":"2025-12-28T01:35:53","modified_gmt":"2025-12-28T01:35:53","slug":"echo-am","status":"publish","type":"product","link":"https:\/\/etsuko32.com\/sr\/\u043f\u0440\u043e\u0438\u0437\u0432\u043e\u0434\/echo-am\/","title":{"rendered":"Echo Am"},"content":{"rendered":"<p>Ko\u0161ulja izra\u0111ena od laganog lana, strukturirane tkanine koja prati pokret i otkriva suptilan sjaj prirodnih vlakana.<\/p>\n<p>Visoka kragna i precizno ukrojene man\u017eetne nagla\u0161avaju \u010distu siluetu i besprekornu estetiku.<\/p>\n<p>Bezvremenski komad koji ujedinjuje klasi\u010dnu formu i savremenu lepotu.<\/p>","protected":false},"excerpt":{"rendered":"<ul>\n<li>\n<p data-path-to-node=\"34,0,0\"><b>Materijal:<\/b> 100% lan u teksturi<\/p>\n<\/li>\n<li>\n<p data-path-to-node=\"34,1,0\"><b>Boje:<\/b> prljavo bela (off white)<\/p>\n<\/li>\n<li>\n<p data-path-to-node=\"34,2,0\"><b>Veli\u010dine:<\/b> M<\/p>\n<\/li>\n<\/ul>","protected":false},"featured_media":1042,"comment_status":"open","ping_status":"closed","template":"","meta":[],"product_brand":[],"product_cat":[38,28],"product_tag":[],"class_list":{"0":"post-1040","1":"product","2":"type-product","3":"status-publish","4":"has-post-thumbnail","6":"product_cat-chapter-1","7":"product_cat-shirts","9":"first","10":"instock","11":"shipping-taxable","12":"purchasable","13":"product-type-variable"},"_links":{"self":[{"href":"https:\/\/etsuko32.com\/sr\/wp-json\/wp\/v2\/product\/1040","targetHints":{"allow":["GET"]}}],"collection":[{"href":"https:\/\/etsuko32.com\/sr\/wp-json\/wp\/v2\/product"}],"about":[{"href":"https:\/\/etsuko32.com\/sr\/wp-json\/wp\/v2\/types\/product"}],"replies":[{"embeddable":true,"href":"https:\/\/etsuko32.com\/sr\/wp-json\/wp\/v2\/comments?post=1040"}],"wp:featuredmedia":[{"embeddable":true,"href":"https:\/\/etsuko32.com\/sr\/wp-json\/wp\/v2\/media\/1042"}],"wp:attachment":[{"href":"https:\/\/etsuko32.com\/sr\/wp-json\/wp\/v2\/media?parent=1040"}],"wp:term":[{"taxonomy":"product_brand","embeddable":true,"href":"https:\/\/etsuko32.com\/sr\/wp-json\/wp\/v2\/product_brand?post=1040"},{"taxonomy":"product_cat","embeddable":true,"href":"https:\/\/etsuko32.com\/sr\/wp-json\/wp\/v2\/product_cat?post=1040"},{"taxonomy":"product_tag","embeddable":true,"href":"https:\/\/etsuko32.com\/sr\/wp-json\/wp\/v2\/product_tag?post=1040"}],"curies":[{"name":"wp","href":"https:\/\/api.w.org\/{rel}","templated":true}]}}