{"id":1047,"date":"2025-11-19T16:01:16","date_gmt":"2025-11-19T16:01:16","guid":{"rendered":"https:\/\/etsuko32.com\/?post_type=product&#038;p=1047"},"modified":"2025-12-02T23:48:43","modified_gmt":"2025-12-02T23:48:43","slug":"echo-w","status":"publish","type":"product","link":"https:\/\/etsuko32.com\/sr\/\u043f\u0440\u043e\u0438\u0437\u0432\u043e\u0434\/echo-w\/","title":{"rendered":"Echo W"},"content":{"rendered":"<p>Pamu\u010dna ko\u0161ulja sitnog cvetnog dezena, sa ruskom kragnom i blago skra\u0107enim (cropped) krojem... dizajnirana za pantalone sa visokim strukom.<\/p>\n<p>Jedan od najsvestranijih komada u kolekciji.<\/p>","protected":false},"excerpt":{"rendered":"<ul>\n<li>\n<p data-path-to-node=\"37,0,0\"><b>Materijal:<\/b> 100% pamuk (u tkanju\/izradi)<\/p>\n<\/li>\n<li>\n<p data-path-to-node=\"37,1,0\"><b>Veli\u010dine:<\/b> S<\/p>\n<\/li>\n<li>\n<p data-path-to-node=\"37,2,0\"><b>Napomena o veli\u010dinama:<\/b> Mogu\u0107nost izrade i u drugim veli\u010dinama<\/p>\n<\/li>\n<\/ul>","protected":false},"featured_media":1050,"comment_status":"open","ping_status":"closed","template":"","meta":[],"product_brand":[],"product_cat":[38,28],"product_tag":[],"class_list":{"0":"post-1047","1":"product","2":"type-product","3":"status-publish","4":"has-post-thumbnail","6":"product_cat-chapter-1","7":"product_cat-shirts","9":"first","10":"instock","11":"shipping-taxable","12":"purchasable","13":"product-type-variable"},"_links":{"self":[{"href":"https:\/\/etsuko32.com\/sr\/wp-json\/wp\/v2\/product\/1047","targetHints":{"allow":["GET"]}}],"collection":[{"href":"https:\/\/etsuko32.com\/sr\/wp-json\/wp\/v2\/product"}],"about":[{"href":"https:\/\/etsuko32.com\/sr\/wp-json\/wp\/v2\/types\/product"}],"replies":[{"embeddable":true,"href":"https:\/\/etsuko32.com\/sr\/wp-json\/wp\/v2\/comments?post=1047"}],"wp:featuredmedia":[{"embeddable":true,"href":"https:\/\/etsuko32.com\/sr\/wp-json\/wp\/v2\/media\/1050"}],"wp:attachment":[{"href":"https:\/\/etsuko32.com\/sr\/wp-json\/wp\/v2\/media?parent=1047"}],"wp:term":[{"taxonomy":"product_brand","embeddable":true,"href":"https:\/\/etsuko32.com\/sr\/wp-json\/wp\/v2\/product_brand?post=1047"},{"taxonomy":"product_cat","embeddable":true,"href":"https:\/\/etsuko32.com\/sr\/wp-json\/wp\/v2\/product_cat?post=1047"},{"taxonomy":"product_tag","embeddable":true,"href":"https:\/\/etsuko32.com\/sr\/wp-json\/wp\/v2\/product_tag?post=1047"}],"curies":[{"name":"wp","href":"https:\/\/api.w.org\/{rel}","templated":true}]}}