{"id":1054,"date":"2025-11-19T16:04:18","date_gmt":"2025-11-19T16:04:18","guid":{"rendered":"https:\/\/etsuko32.com\/?post_type=product&#038;p=1054"},"modified":"2025-12-02T23:49:00","modified_gmt":"2025-12-02T23:49:00","slug":"echo-w-shisu","status":"publish","type":"product","link":"https:\/\/etsuko32.com\/sr\/\u043f\u0440\u043e\u0438\u0437\u0432\u043e\u0434\/echo-w-shisu\/","title":{"rendered":"Echo W Shisu"},"content":{"rendered":"<p>Pamu\u010dna ko\u0161ulja od rupi\u010dastog veza (eyelet) sa ruskom kragnom, \u201ebalon\u201c rukavima i pastelnim ru\u010dnim vezom na prednjoj strani.<\/p>\n<p>Potpuno unikatna. Svakom autfitu daje poseban pe\u010dat elegancije. Nezaobilazan komad iz na\u0161e osnovne kolekcije.<\/p>","protected":false},"excerpt":{"rendered":"<ul>\n<li>\n<p data-path-to-node=\"40,0,0\"><b>Materijal:<\/b> 100% pamuk (u tkanju\/izradi)<\/p>\n<\/li>\n<li>\n<p data-path-to-node=\"40,1,0\"><b>Boje:<\/b> prljavo bela (off white)<\/p>\n<\/li>\n<li>\n<p data-path-to-node=\"40,2,0\"><b>Veli\u010dine:<\/b> S\/M<\/p>\n<\/li>\n<\/ul>","protected":false},"featured_media":1060,"comment_status":"open","ping_status":"closed","template":"","meta":[],"product_brand":[],"product_cat":[38,28],"product_tag":[],"class_list":{"0":"post-1054","1":"product","2":"type-product","3":"status-publish","4":"has-post-thumbnail","6":"product_cat-chapter-1","7":"product_cat-shirts","9":"first","10":"instock","11":"shipping-taxable","12":"purchasable","13":"product-type-variable"},"_links":{"self":[{"href":"https:\/\/etsuko32.com\/sr\/wp-json\/wp\/v2\/product\/1054","targetHints":{"allow":["GET"]}}],"collection":[{"href":"https:\/\/etsuko32.com\/sr\/wp-json\/wp\/v2\/product"}],"about":[{"href":"https:\/\/etsuko32.com\/sr\/wp-json\/wp\/v2\/types\/product"}],"replies":[{"embeddable":true,"href":"https:\/\/etsuko32.com\/sr\/wp-json\/wp\/v2\/comments?post=1054"}],"wp:featuredmedia":[{"embeddable":true,"href":"https:\/\/etsuko32.com\/sr\/wp-json\/wp\/v2\/media\/1060"}],"wp:attachment":[{"href":"https:\/\/etsuko32.com\/sr\/wp-json\/wp\/v2\/media?parent=1054"}],"wp:term":[{"taxonomy":"product_brand","embeddable":true,"href":"https:\/\/etsuko32.com\/sr\/wp-json\/wp\/v2\/product_brand?post=1054"},{"taxonomy":"product_cat","embeddable":true,"href":"https:\/\/etsuko32.com\/sr\/wp-json\/wp\/v2\/product_cat?post=1054"},{"taxonomy":"product_tag","embeddable":true,"href":"https:\/\/etsuko32.com\/sr\/wp-json\/wp\/v2\/product_tag?post=1054"}],"curies":[{"name":"wp","href":"https:\/\/api.w.org\/{rel}","templated":true}]}}