{"id":1065,"date":"2025-11-19T16:13:53","date_gmt":"2025-11-19T16:13:53","guid":{"rendered":"https:\/\/etsuko32.com\/?post_type=product&#038;p=1065"},"modified":"2025-12-27T14:20:09","modified_gmt":"2025-12-27T14:20:09","slug":"echo-asa","status":"publish","type":"product","link":"https:\/\/etsuko32.com\/sr\/\u043f\u0440\u043e\u0438\u0437\u0432\u043e\u0434\/echo-asa\/","title":{"rendered":"Echo Asa"},"content":{"rendered":"<p>Ko\u0161ulja od \u010diste konoplje, koja u svojoj formi ujedinjuje lako\u0107u i snagu. \u0160iroki rukavi i visoka kragna stvaraju skulpturalnu siluetu... dok prirodni ritam tkanine di\u0161e zajedno sa telom. Tiha mo\u0107 jednostavnosti \u2014 gde priroda pronalazi svoj oblik, a pokret postaje elegancija.<\/p>","protected":false},"excerpt":{"rendered":"<ul>\n<li>\n<p data-path-to-node=\"43,0,0\"><b>Materijal:<\/b> 100% konoplja<\/p>\n<\/li>\n<li>\n<p data-path-to-node=\"43,1,0\"><b>Boje:<\/b> krem (butter cream)<\/p>\n<\/li>\n<li>\n<p data-path-to-node=\"43,2,0\"><b>Veli\u010dine:<\/b> M\/L<\/p>\n<\/li>\n<li>\n<p data-path-to-node=\"43,3,0\"><b>Izrada:<\/b> RU\u010cNO RA\u0110EN UNIKATNI KOMAD<\/p>\n<\/li>\n<\/ul>","protected":false},"featured_media":1069,"comment_status":"open","ping_status":"closed","template":"","meta":[],"product_brand":[],"product_cat":[38,28],"product_tag":[],"class_list":{"0":"post-1065","1":"product","2":"type-product","3":"status-publish","4":"has-post-thumbnail","6":"product_cat-chapter-1","7":"product_cat-shirts","9":"first","10":"instock","11":"shipping-taxable","12":"purchasable","13":"product-type-variable"},"_links":{"self":[{"href":"https:\/\/etsuko32.com\/sr\/wp-json\/wp\/v2\/product\/1065","targetHints":{"allow":["GET"]}}],"collection":[{"href":"https:\/\/etsuko32.com\/sr\/wp-json\/wp\/v2\/product"}],"about":[{"href":"https:\/\/etsuko32.com\/sr\/wp-json\/wp\/v2\/types\/product"}],"replies":[{"embeddable":true,"href":"https:\/\/etsuko32.com\/sr\/wp-json\/wp\/v2\/comments?post=1065"}],"wp:featuredmedia":[{"embeddable":true,"href":"https:\/\/etsuko32.com\/sr\/wp-json\/wp\/v2\/media\/1069"}],"wp:attachment":[{"href":"https:\/\/etsuko32.com\/sr\/wp-json\/wp\/v2\/media?parent=1065"}],"wp:term":[{"taxonomy":"product_brand","embeddable":true,"href":"https:\/\/etsuko32.com\/sr\/wp-json\/wp\/v2\/product_brand?post=1065"},{"taxonomy":"product_cat","embeddable":true,"href":"https:\/\/etsuko32.com\/sr\/wp-json\/wp\/v2\/product_cat?post=1065"},{"taxonomy":"product_tag","embeddable":true,"href":"https:\/\/etsuko32.com\/sr\/wp-json\/wp\/v2\/product_tag?post=1065"}],"curies":[{"name":"wp","href":"https:\/\/api.w.org\/{rel}","templated":true}]}}