{"id":1134,"date":"2025-11-19T19:04:56","date_gmt":"2025-11-19T19:04:56","guid":{"rendered":"https:\/\/etsuko32.com\/?post_type=product&#038;p=1134"},"modified":"2026-03-26T11:27:29","modified_gmt":"2026-03-26T11:27:29","slug":"ogun-no-ryutai","status":"publish","type":"product","link":"https:\/\/etsuko32.com\/sr\/\u043f\u0440\u043e\u0438\u0437\u0432\u043e\u0434\/ogun-no-ryutai\/","title":{"rendered":"\u014cgun No Ry\u016btai"},"content":{"rendered":"<p>100% premium hladno presovana vuna u kombinaciji sa brokat svilom. Savr\u0161en izbor za poslovne prilike ili sve\u010dane ve\u010deri. Bezvremenski komad koji se nosi u svim godi\u0161njim dobima.<\/p>\n<p>Univerzalna veli\u010dina (odgovara S, M, L).<\/p>\n<p>Dostupno za poru\u010divanje (pre-order).<\/p>\n<p>Inspirisano japanskom filozofijom \u010diste lepote<\/p>\n<p>Krem bela sa zlatnim detaljima.<\/p>\n<p>Mo\u017ee se nositi preko ko\u0161ulje ili na ekstravagantniji na\u010din \u2013 bez nje.<\/p>","protected":false},"excerpt":{"rendered":"<ul>\n<li>\n<p data-path-to-node=\"3,0,0\"><b>Materijal:<\/b> 100% premium hladno presovana vuna u kombinaciji sa brokat svilom<\/p>\n<\/li>\n<li>\n<p data-path-to-node=\"3,1,0\"><b>Stil:<\/b> Savr\u0161en za poslovne prilike ili sve\u010dane ve\u010deri<\/p>\n<\/li>\n<li>\n<p data-path-to-node=\"3,2,0\"><b>Napomena:<\/b> Bezvremenski komad za sve sezone<\/p>\n<\/li>\n<li>\n<p data-path-to-node=\"3,3,0\"><b>Veli\u010dine:<\/b> Univerzalna veli\u010dina (odgovara S, M, L)<\/p>\n<\/li>\n<li>\n<p data-path-to-node=\"3,4,0\"><b>Dostupnost:<\/b> Dostupno za poru\u010divanje (pre-order)<\/p>\n<\/li>\n<li>\n<p data-path-to-node=\"3,5,0\"><b>Inspiracija:<\/b> Inspirisano japanskom filozofijom \u010diste lepote<\/p>\n<\/li>\n<\/ul>","protected":false},"featured_media":1138,"comment_status":"open","ping_status":"closed","template":"","meta":[],"product_brand":[],"product_cat":[39,30],"product_tag":[],"class_list":{"0":"post-1134","1":"product","2":"type-product","3":"status-publish","4":"has-post-thumbnail","6":"product_cat-chapter-2","7":"product_cat-vests","9":"first","10":"instock","11":"shipping-taxable","12":"purchasable","13":"product-type-variable"},"_links":{"self":[{"href":"https:\/\/etsuko32.com\/sr\/wp-json\/wp\/v2\/product\/1134","targetHints":{"allow":["GET"]}}],"collection":[{"href":"https:\/\/etsuko32.com\/sr\/wp-json\/wp\/v2\/product"}],"about":[{"href":"https:\/\/etsuko32.com\/sr\/wp-json\/wp\/v2\/types\/product"}],"replies":[{"embeddable":true,"href":"https:\/\/etsuko32.com\/sr\/wp-json\/wp\/v2\/comments?post=1134"}],"wp:featuredmedia":[{"embeddable":true,"href":"https:\/\/etsuko32.com\/sr\/wp-json\/wp\/v2\/media\/1138"}],"wp:attachment":[{"href":"https:\/\/etsuko32.com\/sr\/wp-json\/wp\/v2\/media?parent=1134"}],"wp:term":[{"taxonomy":"product_brand","embeddable":true,"href":"https:\/\/etsuko32.com\/sr\/wp-json\/wp\/v2\/product_brand?post=1134"},{"taxonomy":"product_cat","embeddable":true,"href":"https:\/\/etsuko32.com\/sr\/wp-json\/wp\/v2\/product_cat?post=1134"},{"taxonomy":"product_tag","embeddable":true,"href":"https:\/\/etsuko32.com\/sr\/wp-json\/wp\/v2\/product_tag?post=1134"}],"curies":[{"name":"wp","href":"https:\/\/api.w.org\/{rel}","templated":true}]}}