{"id":1151,"date":"2025-11-19T19:16:14","date_gmt":"2025-11-19T19:16:14","guid":{"rendered":"https:\/\/etsuko32.com\/?post_type=product&#038;p=1151"},"modified":"2026-02-17T00:20:25","modified_gmt":"2026-02-17T00:20:25","slug":"mimiko","status":"publish","type":"product","link":"https:\/\/etsuko32.com\/sr\/\u043f\u0440\u043e\u0438\u0437\u0432\u043e\u0434\/mimiko\/","title":{"rendered":"Mimiko \u7f8e\u7f8e\u5b50"},"content":{"rendered":"<p>Mimiko izvla\u010di va\u0161u unutra\u0161nju boginju glamura. Ovaj izuzetni svileni komad odlikuje se diskretno otvorenim le\u0111ima, elegantno se\u010denim detaljima na rukavima i izrezom koji podse\u0107a na fini nakit. Neverovatno svestrana, omogu\u0107ava vam da kanali\u0161ete stil \u0161ik rok devojke ili glamurozne dame \u2014 izbor je va\u0161. (ograni\u010dena koli\u010dina)<\/p>","protected":false},"excerpt":{"rendered":"<ul>\n<li>\n<p data-path-to-node=\"3,0,0\"><b>Materijal:<\/b> 100% svila<\/p>\n<\/li>\n<li>\n<p data-path-to-node=\"3,1,0\"><b>Veli\u010dine:<\/b> S, M, i L<\/p>\n<\/li>\n<li>\n<p data-path-to-node=\"3,2,0\"><b>Napomena:<\/b> Limitirana serija<\/p>\n<\/li>\n<\/ul>","protected":false},"featured_media":1155,"comment_status":"open","ping_status":"closed","template":"","meta":[],"product_brand":[],"product_cat":[39,31],"product_tag":[],"class_list":{"0":"post-1151","1":"product","2":"type-product","3":"status-publish","4":"has-post-thumbnail","6":"product_cat-chapter-2","7":"product_cat-dresses","9":"first","10":"instock","11":"shipping-taxable","12":"purchasable","13":"product-type-variable"},"_links":{"self":[{"href":"https:\/\/etsuko32.com\/sr\/wp-json\/wp\/v2\/product\/1151","targetHints":{"allow":["GET"]}}],"collection":[{"href":"https:\/\/etsuko32.com\/sr\/wp-json\/wp\/v2\/product"}],"about":[{"href":"https:\/\/etsuko32.com\/sr\/wp-json\/wp\/v2\/types\/product"}],"replies":[{"embeddable":true,"href":"https:\/\/etsuko32.com\/sr\/wp-json\/wp\/v2\/comments?post=1151"}],"wp:featuredmedia":[{"embeddable":true,"href":"https:\/\/etsuko32.com\/sr\/wp-json\/wp\/v2\/media\/1155"}],"wp:attachment":[{"href":"https:\/\/etsuko32.com\/sr\/wp-json\/wp\/v2\/media?parent=1151"}],"wp:term":[{"taxonomy":"product_brand","embeddable":true,"href":"https:\/\/etsuko32.com\/sr\/wp-json\/wp\/v2\/product_brand?post=1151"},{"taxonomy":"product_cat","embeddable":true,"href":"https:\/\/etsuko32.com\/sr\/wp-json\/wp\/v2\/product_cat?post=1151"},{"taxonomy":"product_tag","embeddable":true,"href":"https:\/\/etsuko32.com\/sr\/wp-json\/wp\/v2\/product_tag?post=1151"}],"curies":[{"name":"wp","href":"https:\/\/api.w.org\/{rel}","templated":true}]}}