{"id":1159,"date":"2025-11-19T19:23:33","date_gmt":"2025-11-19T19:23:33","guid":{"rendered":"https:\/\/etsuko32.com\/?post_type=product&#038;p=1159"},"modified":"2025-12-02T23:54:21","modified_gmt":"2025-12-02T23:54:21","slug":"keito-o-haoru","status":"publish","type":"product","link":"https:\/\/etsuko32.com\/sr\/\u043f\u0440\u043e\u0438\u0437\u0432\u043e\u0434\/keito-o-haoru\/","title":{"rendered":"Keito O Haoru"},"content":{"rendered":"<p>Izra\u0111ena od strukturirane hladno presovane vune u spoju sa ultra-mekom svilom... Keito ko\u0161ulja pru\u017ea savr\u0161en balans teksture i udobnosti. Dizajnirana sa visokom kragnom i \u201eoversized\u201c siluetom koja je ne\u0161to du\u017ea pozadi... ona je klju\u010dni komad garderobe koji vas s lako\u0107om vodi iz dana u no\u0107, iz sezone u sezonu.<\/p>","protected":false},"excerpt":{"rendered":"<ul>\n<li>\n<p data-path-to-node=\"3,0,0\"><b>Veli\u010dine:<\/b> S\/M, M\/L<\/p>\n<\/li>\n<li>\n<p data-path-to-node=\"3,1,0\"><b>Boje:<\/b> dim braon\/zelena (smoke brown\/green)<\/p>\n<\/li>\n<li>\n<p data-path-to-node=\"3,2,0\"><b>Dostupnost:<\/b> Ograni\u010dene koli\u010dine<\/p>\n<\/li>\n<\/ul>","protected":false},"featured_media":1317,"comment_status":"open","ping_status":"closed","template":"","meta":[],"product_brand":[],"product_cat":[39,28],"product_tag":[],"class_list":{"0":"post-1159","1":"product","2":"type-product","3":"status-publish","4":"has-post-thumbnail","6":"product_cat-chapter-2","7":"product_cat-shirts","9":"first","10":"instock","11":"shipping-taxable","12":"purchasable","13":"product-type-variable"},"_links":{"self":[{"href":"https:\/\/etsuko32.com\/sr\/wp-json\/wp\/v2\/product\/1159","targetHints":{"allow":["GET"]}}],"collection":[{"href":"https:\/\/etsuko32.com\/sr\/wp-json\/wp\/v2\/product"}],"about":[{"href":"https:\/\/etsuko32.com\/sr\/wp-json\/wp\/v2\/types\/product"}],"replies":[{"embeddable":true,"href":"https:\/\/etsuko32.com\/sr\/wp-json\/wp\/v2\/comments?post=1159"}],"wp:featuredmedia":[{"embeddable":true,"href":"https:\/\/etsuko32.com\/sr\/wp-json\/wp\/v2\/media\/1317"}],"wp:attachment":[{"href":"https:\/\/etsuko32.com\/sr\/wp-json\/wp\/v2\/media?parent=1159"}],"wp:term":[{"taxonomy":"product_brand","embeddable":true,"href":"https:\/\/etsuko32.com\/sr\/wp-json\/wp\/v2\/product_brand?post=1159"},{"taxonomy":"product_cat","embeddable":true,"href":"https:\/\/etsuko32.com\/sr\/wp-json\/wp\/v2\/product_cat?post=1159"},{"taxonomy":"product_tag","embeddable":true,"href":"https:\/\/etsuko32.com\/sr\/wp-json\/wp\/v2\/product_tag?post=1159"}],"curies":[{"name":"wp","href":"https:\/\/api.w.org\/{rel}","templated":true}]}}