{"id":1168,"date":"2025-11-19T19:27:12","date_gmt":"2025-11-19T19:27:12","guid":{"rendered":"https:\/\/etsuko32.com\/?post_type=product&#038;p=1168"},"modified":"2025-12-27T14:08:21","modified_gmt":"2025-12-27T14:08:21","slug":"ao-awai","status":"publish","type":"product","link":"https:\/\/etsuko32.com\/sr\/\u043f\u0440\u043e\u0438\u0437\u0432\u043e\u0434\/ao-awai\/","title":{"rendered":"ao awai"},"content":{"rendered":"<p>Prefinjen, luksuzan prsluk inspirisan kimonom, izra\u0111en od italijanske \u017eakard svile.<br \/>\nGde se tradicionalno susre\u0107e sa modernim, pogodan za svaku priliku. Potpuno jedinstven, autenti\u010dni Etsuko.<\/p>\n<p>Blago nabran u struku, mo\u017ee se nositi uz pojas ili le\u017eerno samostalno. Rukavi graciozno prate prirodnu liniju ruke, stvaraju\u0107i elegantnu siluetu.<\/p>","protected":false},"excerpt":{"rendered":"<ul>\n<li>\n<p data-path-to-node=\"3,0,0\"><b>Model nosi:<\/b> S<\/p>\n<\/li>\n<li>\n<p data-path-to-node=\"3,1,0\"><b>Kroj:<\/b> Odgovara standardnoj veli\u010dini (mo\u017ee biti blago \u201eoversized\u201c po \u017eelji)<\/p>\n<\/li>\n<li>\n<p data-path-to-node=\"3,2,0\"><b>Dostupnost:<\/b> Dostupno za poru\u010divanje (pre-order)<\/p>\n<\/li>\n<\/ul>","protected":false},"featured_media":1170,"comment_status":"open","ping_status":"closed","template":"","meta":[],"product_brand":[],"product_cat":[39,29],"product_tag":[],"class_list":{"0":"post-1168","1":"product","2":"type-product","3":"status-publish","4":"has-post-thumbnail","6":"product_cat-chapter-2","7":"product_cat-jackets","9":"first","10":"instock","11":"shipping-taxable","12":"purchasable","13":"product-type-variable"},"_links":{"self":[{"href":"https:\/\/etsuko32.com\/sr\/wp-json\/wp\/v2\/product\/1168","targetHints":{"allow":["GET"]}}],"collection":[{"href":"https:\/\/etsuko32.com\/sr\/wp-json\/wp\/v2\/product"}],"about":[{"href":"https:\/\/etsuko32.com\/sr\/wp-json\/wp\/v2\/types\/product"}],"replies":[{"embeddable":true,"href":"https:\/\/etsuko32.com\/sr\/wp-json\/wp\/v2\/comments?post=1168"}],"wp:featuredmedia":[{"embeddable":true,"href":"https:\/\/etsuko32.com\/sr\/wp-json\/wp\/v2\/media\/1170"}],"wp:attachment":[{"href":"https:\/\/etsuko32.com\/sr\/wp-json\/wp\/v2\/media?parent=1168"}],"wp:term":[{"taxonomy":"product_brand","embeddable":true,"href":"https:\/\/etsuko32.com\/sr\/wp-json\/wp\/v2\/product_brand?post=1168"},{"taxonomy":"product_cat","embeddable":true,"href":"https:\/\/etsuko32.com\/sr\/wp-json\/wp\/v2\/product_cat?post=1168"},{"taxonomy":"product_tag","embeddable":true,"href":"https:\/\/etsuko32.com\/sr\/wp-json\/wp\/v2\/product_tag?post=1168"}],"curies":[{"name":"wp","href":"https:\/\/api.w.org\/{rel}","templated":true}]}}