{"id":855,"date":"2025-11-19T00:11:25","date_gmt":"2025-11-19T00:11:25","guid":{"rendered":"https:\/\/etsuko32.com\/?post_type=product&#038;p=855"},"modified":"2025-12-02T23:40:55","modified_gmt":"2025-12-02T23:40:55","slug":"joo-awei-minto","status":"publish","type":"product","link":"https:\/\/etsuko32.com\/sr\/\u043f\u0440\u043e\u0438\u0437\u0432\u043e\u0434\/joo-awei-minto\/","title":{"rendered":"Jo\u014d Awei Minto"},"content":{"rendered":"<p data-path-to-node=\"2,0\">Haljina na koju smo najponosniji \u2014 centralni komad na\u0161e kolekcije.<\/p>\n<p data-path-to-node=\"2,1\">Svaki detalj je dizajniran da naglasi snagu i ne\u017enost \u017eene koja je nosi.<\/p>\n<p data-path-to-node=\"2,2\">Haljina odi\u0161e veli\u010danstvenim \u0161armom, pretvaraju\u0107i svaki trenutak u kraljevsko iskustvo.<\/p>\n<p data-path-to-node=\"2,3\">Kroj oblikuje besprekornu siluetu.<\/p>\n<p data-path-to-node=\"2,4\">Blago \u201eoversized\u201c, lepr\u0161ava silueta za samouveren pokret.<\/p>\n<p data-path-to-node=\"2,5\">Moderni etno-japanizam.<\/p>\n<p data-path-to-node=\"4,4,0\">","protected":false},"excerpt":{"rendered":"<ul>\n<li>\n<p data-path-to-node=\"4,0,0\"><b>Linija:<\/b> PREMIJUM LINIJA<\/p>\n<\/li>\n<li>\n<p data-path-to-node=\"4,1,0\"><b>Materijal:<\/b> 100% konoplja<\/p>\n<\/li>\n<li>\n<p data-path-to-node=\"4,2,0\"><b>Boje:<\/b> isprano zelena (stone washed green)<\/p>\n<\/li>\n<li>\n<p data-path-to-node=\"4,3,0\"><b>Veli\u010dine:<\/b> M\/L<\/p>\n<\/li>\n<li>\n<p data-path-to-node=\"4,4,0\"><b>Visina modela:<\/b> <span class=\"math-inline\" data-math=\"171 \\text{ cm}\">171 cm<\/span><\/p>\n<\/li>\n<\/ul>","protected":false},"featured_media":859,"comment_status":"open","ping_status":"closed","template":"","meta":[],"product_brand":[],"product_cat":[38,31],"product_tag":[],"class_list":{"0":"post-855","1":"product","2":"type-product","3":"status-publish","4":"has-post-thumbnail","6":"product_cat-chapter-1","7":"product_cat-dresses","9":"first","10":"instock","11":"shipping-taxable","12":"purchasable","13":"product-type-variable"},"_links":{"self":[{"href":"https:\/\/etsuko32.com\/sr\/wp-json\/wp\/v2\/product\/855","targetHints":{"allow":["GET"]}}],"collection":[{"href":"https:\/\/etsuko32.com\/sr\/wp-json\/wp\/v2\/product"}],"about":[{"href":"https:\/\/etsuko32.com\/sr\/wp-json\/wp\/v2\/types\/product"}],"replies":[{"embeddable":true,"href":"https:\/\/etsuko32.com\/sr\/wp-json\/wp\/v2\/comments?post=855"}],"wp:featuredmedia":[{"embeddable":true,"href":"https:\/\/etsuko32.com\/sr\/wp-json\/wp\/v2\/media\/859"}],"wp:attachment":[{"href":"https:\/\/etsuko32.com\/sr\/wp-json\/wp\/v2\/media?parent=855"}],"wp:term":[{"taxonomy":"product_brand","embeddable":true,"href":"https:\/\/etsuko32.com\/sr\/wp-json\/wp\/v2\/product_brand?post=855"},{"taxonomy":"product_cat","embeddable":true,"href":"https:\/\/etsuko32.com\/sr\/wp-json\/wp\/v2\/product_cat?post=855"},{"taxonomy":"product_tag","embeddable":true,"href":"https:\/\/etsuko32.com\/sr\/wp-json\/wp\/v2\/product_tag?post=855"}],"curies":[{"name":"wp","href":"https:\/\/api.w.org\/{rel}","templated":true}]}}