{"id":869,"date":"2025-11-19T00:21:47","date_gmt":"2025-11-19T00:21:47","guid":{"rendered":"https:\/\/etsuko32.com\/?post_type=product&#038;p=869"},"modified":"2025-12-02T23:41:35","modified_gmt":"2025-12-02T23:41:35","slug":"echo-si-2","status":"publish","type":"product","link":"https:\/\/etsuko32.com\/sr\/\u043f\u0440\u043e\u0438\u0437\u0432\u043e\u0434\/echo-si-2\/","title":{"rendered":"Echo Si"},"content":{"rendered":"<p>\u201eOversized\u201c dizajn koji karakteri\u0161u ruska kragna i \u201ebalon\u201c rukavi.<\/p>\n<p>Ovaj model ko\u0161ulje je savr\u0161en za svako godi\u0161nje doba i lako se stilizuje.<\/p>\n<p>Moderna je, dok istovremeno nosi odjek tradicije.<\/p>","protected":false},"excerpt":{"rendered":"<ul>\n<li>\n<p data-path-to-node=\"7,0,0\"><b>Materijal:<\/b> 100% svila<\/p>\n<\/li>\n<li>\n<p data-path-to-node=\"7,1,0\"><b>Boje:<\/b> sivo-maslinasta (smoke sand green)<\/p>\n<\/li>\n<li>\n<p data-path-to-node=\"7,2,0\"><b>Veli\u010dine:<\/b> S, M, L<\/p>\n<\/li>\n<li>\n<p data-path-to-node=\"7,3,0\"><b>Model nosi:<\/b> S<\/p>\n<\/li>\n<\/ul>","protected":false},"featured_media":870,"comment_status":"open","ping_status":"closed","template":"","meta":[],"product_brand":[],"product_cat":[38,28],"product_tag":[],"class_list":{"0":"post-869","1":"product","2":"type-product","3":"status-publish","4":"has-post-thumbnail","6":"product_cat-chapter-1","7":"product_cat-shirts","9":"first","10":"instock","11":"shipping-taxable","12":"purchasable","13":"product-type-variable"},"_links":{"self":[{"href":"https:\/\/etsuko32.com\/sr\/wp-json\/wp\/v2\/product\/869","targetHints":{"allow":["GET"]}}],"collection":[{"href":"https:\/\/etsuko32.com\/sr\/wp-json\/wp\/v2\/product"}],"about":[{"href":"https:\/\/etsuko32.com\/sr\/wp-json\/wp\/v2\/types\/product"}],"replies":[{"embeddable":true,"href":"https:\/\/etsuko32.com\/sr\/wp-json\/wp\/v2\/comments?post=869"}],"wp:featuredmedia":[{"embeddable":true,"href":"https:\/\/etsuko32.com\/sr\/wp-json\/wp\/v2\/media\/870"}],"wp:attachment":[{"href":"https:\/\/etsuko32.com\/sr\/wp-json\/wp\/v2\/media?parent=869"}],"wp:term":[{"taxonomy":"product_brand","embeddable":true,"href":"https:\/\/etsuko32.com\/sr\/wp-json\/wp\/v2\/product_brand?post=869"},{"taxonomy":"product_cat","embeddable":true,"href":"https:\/\/etsuko32.com\/sr\/wp-json\/wp\/v2\/product_cat?post=869"},{"taxonomy":"product_tag","embeddable":true,"href":"https:\/\/etsuko32.com\/sr\/wp-json\/wp\/v2\/product_tag?post=869"}],"curies":[{"name":"wp","href":"https:\/\/api.w.org\/{rel}","templated":true}]}}