{"id":905,"date":"2025-11-19T00:52:00","date_gmt":"2025-11-19T00:52:00","guid":{"rendered":"https:\/\/etsuko32.com\/?post_type=product&#038;p=905"},"modified":"2025-12-17T12:32:58","modified_gmt":"2025-12-17T12:32:58","slug":"joo-w-shima","status":"publish","type":"product","link":"https:\/\/etsuko32.com\/sr\/\u043f\u0440\u043e\u0438\u0437\u0432\u043e\u0434\/joo-w-shima\/","title":{"rendered":"Jo\u014d W Shima"},"content":{"rendered":"<p>Haljina midi du\u017eine sa krojem u blagom kimono stilu.<\/p>\n<p>Kop\u010danje dugmi\u0107ima do struka, sa nagla\u0161enim rukavima.<\/p>\n<p>Lako se stilizuje za tri godi\u0161nja doba: prole\u0107e, leto i jesen.<\/p>","protected":false},"excerpt":{"rendered":"<ul>\n<li>\n<p data-path-to-node=\"16,0,0\"><b>Materijal:<\/b> 100% organski premium pamuk<\/p>\n<\/li>\n<li>\n<p data-path-to-node=\"16,1,0\"><b>Boje:<\/b> cvetna polja<\/p>\n<\/li>\n<li>\n<p data-path-to-node=\"16,2,0\"><b>Veli\u010dine:<\/b> univerzalna (odgovara S, M i L)<\/p>\n<\/li>\n<li>\n<p data-path-to-node=\"16,3,0\"><b>Visina modela:<\/b> <span class=\"math-inline\" data-math=\"185 \\text{ cm}\">185 cm<\/span><\/p>\n<\/li>\n<li>\n<p data-path-to-node=\"16,4,0\"><b>Napomena:<\/b> RU\u010cNO RA\u0110EN UNIKATNI KOMAD<\/p>\n<\/li>\n<\/ul>","protected":false},"featured_media":906,"comment_status":"open","ping_status":"closed","template":"","meta":[],"product_brand":[],"product_cat":[38,31],"product_tag":[],"class_list":{"0":"post-905","1":"product","2":"type-product","3":"status-publish","4":"has-post-thumbnail","6":"product_cat-chapter-1","7":"product_cat-dresses","9":"first","10":"instock","11":"shipping-taxable","12":"purchasable","13":"product-type-variable"},"_links":{"self":[{"href":"https:\/\/etsuko32.com\/sr\/wp-json\/wp\/v2\/product\/905","targetHints":{"allow":["GET"]}}],"collection":[{"href":"https:\/\/etsuko32.com\/sr\/wp-json\/wp\/v2\/product"}],"about":[{"href":"https:\/\/etsuko32.com\/sr\/wp-json\/wp\/v2\/types\/product"}],"replies":[{"embeddable":true,"href":"https:\/\/etsuko32.com\/sr\/wp-json\/wp\/v2\/comments?post=905"}],"wp:featuredmedia":[{"embeddable":true,"href":"https:\/\/etsuko32.com\/sr\/wp-json\/wp\/v2\/media\/906"}],"wp:attachment":[{"href":"https:\/\/etsuko32.com\/sr\/wp-json\/wp\/v2\/media?parent=905"}],"wp:term":[{"taxonomy":"product_brand","embeddable":true,"href":"https:\/\/etsuko32.com\/sr\/wp-json\/wp\/v2\/product_brand?post=905"},{"taxonomy":"product_cat","embeddable":true,"href":"https:\/\/etsuko32.com\/sr\/wp-json\/wp\/v2\/product_cat?post=905"},{"taxonomy":"product_tag","embeddable":true,"href":"https:\/\/etsuko32.com\/sr\/wp-json\/wp\/v2\/product_tag?post=905"}],"curies":[{"name":"wp","href":"https:\/\/api.w.org\/{rel}","templated":true}]}}