{"id":925,"date":"2025-11-19T01:04:42","date_gmt":"2025-11-19T01:04:42","guid":{"rendered":"https:\/\/etsuko32.com\/?post_type=product&#038;p=925"},"modified":"2025-12-02T23:46:09","modified_gmt":"2025-12-02T23:46:09","slug":"joo-w-kirei","status":"publish","type":"product","link":"https:\/\/etsuko32.com\/sr\/\u043f\u0440\u043e\u0438\u0437\u0432\u043e\u0434\/joo-w-kirei\/","title":{"rendered":"Jo\u014d W Kirei"},"content":{"rendered":"<p data-path-to-node=\"3,0\">Romanti\u010dna haljina cvetnog dezena sa naborima napred i pozadi, koju karakteri\u0161e duboko kop\u010danje dugmi\u0107ima.<\/p>\n<p data-path-to-node=\"3,1\">Blago \u201eoversized\u201c kroj koji stvara luksuznu izdu\u017eenu siluetu do poda.<\/p>","protected":false},"excerpt":{"rendered":"<ul>\n<li>\n<p data-path-to-node=\"22,0,0\"><b>Materijal:<\/b> 100% organski pamuk<\/p>\n<\/li>\n<li>\n<p data-path-to-node=\"22,1,0\"><b>Boje:<\/b> beli cvetovi \/ lila cvetovi<\/p>\n<\/li>\n<li>\n<p data-path-to-node=\"22,2,0\"><b>Veli\u010dine:<\/b> XS, S, M<\/p>\n<\/li>\n<li>\n<p data-path-to-node=\"22,3,0\"><b>Napomena o veli\u010dinama:<\/b> Mogu\u0107a je izrada i u drugim veli\u010dinama<\/p>\n<\/li>\n<li>\n<p data-path-to-node=\"22,4,0\"><b>Visina modela:<\/b> <span class=\"math-inline\" data-math=\"171 \\text{ cm}\">171 cm<\/span><\/p>\n<\/li>\n<\/ul>","protected":false},"featured_media":928,"comment_status":"open","ping_status":"closed","template":"","meta":[],"product_brand":[],"product_cat":[38,31],"product_tag":[],"class_list":{"0":"post-925","1":"product","2":"type-product","3":"status-publish","4":"has-post-thumbnail","6":"product_cat-chapter-1","7":"product_cat-dresses","9":"first","10":"instock","11":"shipping-taxable","12":"purchasable","13":"product-type-variable"},"_links":{"self":[{"href":"https:\/\/etsuko32.com\/sr\/wp-json\/wp\/v2\/product\/925","targetHints":{"allow":["GET"]}}],"collection":[{"href":"https:\/\/etsuko32.com\/sr\/wp-json\/wp\/v2\/product"}],"about":[{"href":"https:\/\/etsuko32.com\/sr\/wp-json\/wp\/v2\/types\/product"}],"replies":[{"embeddable":true,"href":"https:\/\/etsuko32.com\/sr\/wp-json\/wp\/v2\/comments?post=925"}],"wp:featuredmedia":[{"embeddable":true,"href":"https:\/\/etsuko32.com\/sr\/wp-json\/wp\/v2\/media\/928"}],"wp:attachment":[{"href":"https:\/\/etsuko32.com\/sr\/wp-json\/wp\/v2\/media?parent=925"}],"wp:term":[{"taxonomy":"product_brand","embeddable":true,"href":"https:\/\/etsuko32.com\/sr\/wp-json\/wp\/v2\/product_brand?post=925"},{"taxonomy":"product_cat","embeddable":true,"href":"https:\/\/etsuko32.com\/sr\/wp-json\/wp\/v2\/product_cat?post=925"},{"taxonomy":"product_tag","embeddable":true,"href":"https:\/\/etsuko32.com\/sr\/wp-json\/wp\/v2\/product_tag?post=925"}],"curies":[{"name":"wp","href":"https:\/\/api.w.org\/{rel}","templated":true}]}}