{"id":931,"date":"2025-11-19T01:06:49","date_gmt":"2025-11-19T01:06:49","guid":{"rendered":"https:\/\/etsuko32.com\/?post_type=product&#038;p=931"},"modified":"2026-01-10T20:12:54","modified_gmt":"2026-01-10T20:12:54","slug":"joo-am","status":"publish","type":"product","link":"https:\/\/etsuko32.com\/sr\/\u043f\u0440\u043e\u0438\u0437\u0432\u043e\u0434\/joo-am\/","title":{"rendered":"Jo\u014d Am"},"content":{"rendered":"<p data-path-to-node=\"2,0\">Haljina koja \u0107e vas sa lako\u0107om povesti na putovanje kroz dan i predele, od jutra pa sve do letnjeg ven\u010danja.<\/p>\n<p data-path-to-node=\"2,1\">Mo\u0107na u svojoj jednostavnosti, u klasi\u010dnom Etsuko stilu.<\/p>","protected":false},"excerpt":{"rendered":"<ul>\n<li>\n<p data-path-to-node=\"28,0,0\"><b>Materijal:<\/b> 100% lan sa vezom<\/p>\n<\/li>\n<li>\n<p data-path-to-node=\"28,1,0\"><b>Boje:<\/b> prljavo bela (off white)<\/p>\n<\/li>\n<li>\n<p data-path-to-node=\"28,2,0\"><b>Veli\u010dine:<\/b> M<\/p>\n<\/li>\n<li>\n<p data-path-to-node=\"28,3,0\"><b>Napomena o veli\u010dinama:<\/b> Mogu\u0107nost izrade i u drugim veli\u010dinama<\/p>\n<\/li>\n<li>\n<p data-path-to-node=\"28,4,0\"><b>Visina modela:<\/b> <span class=\"math-inline\" data-math=\"171 \\text{ cm}\">171 cm<\/span><\/p>\n<\/li>\n<li>\n<p data-path-to-node=\"28,5,0\"><b>Izrada:<\/b> RU\u010cNO RA\u0110EN UNIKATNI KOMAD<\/p>\n<\/li>\n<\/ul>","protected":false},"featured_media":935,"comment_status":"open","ping_status":"closed","template":"","meta":[],"product_brand":[],"product_cat":[38,31],"product_tag":[],"class_list":{"0":"post-931","1":"product","2":"type-product","3":"status-publish","4":"has-post-thumbnail","6":"product_cat-chapter-1","7":"product_cat-dresses","9":"first","10":"instock","11":"shipping-taxable","12":"purchasable","13":"product-type-variable"},"_links":{"self":[{"href":"https:\/\/etsuko32.com\/sr\/wp-json\/wp\/v2\/product\/931","targetHints":{"allow":["GET"]}}],"collection":[{"href":"https:\/\/etsuko32.com\/sr\/wp-json\/wp\/v2\/product"}],"about":[{"href":"https:\/\/etsuko32.com\/sr\/wp-json\/wp\/v2\/types\/product"}],"replies":[{"embeddable":true,"href":"https:\/\/etsuko32.com\/sr\/wp-json\/wp\/v2\/comments?post=931"}],"wp:featuredmedia":[{"embeddable":true,"href":"https:\/\/etsuko32.com\/sr\/wp-json\/wp\/v2\/media\/935"}],"wp:attachment":[{"href":"https:\/\/etsuko32.com\/sr\/wp-json\/wp\/v2\/media?parent=931"}],"wp:term":[{"taxonomy":"product_brand","embeddable":true,"href":"https:\/\/etsuko32.com\/sr\/wp-json\/wp\/v2\/product_brand?post=931"},{"taxonomy":"product_cat","embeddable":true,"href":"https:\/\/etsuko32.com\/sr\/wp-json\/wp\/v2\/product_cat?post=931"},{"taxonomy":"product_tag","embeddable":true,"href":"https:\/\/etsuko32.com\/sr\/wp-json\/wp\/v2\/product_tag?post=931"}],"curies":[{"name":"wp","href":"https:\/\/api.w.org\/{rel}","templated":true}]}}