{"id":938,"date":"2025-11-19T01:12:01","date_gmt":"2025-11-19T01:12:01","guid":{"rendered":"https:\/\/etsuko32.com\/?post_type=product&#038;p=938"},"modified":"2025-12-17T11:18:35","modified_gmt":"2025-12-17T11:18:35","slug":"echo-shisu","status":"publish","type":"product","link":"https:\/\/etsuko32.com\/sr\/\u043f\u0440\u043e\u0438\u0437\u0432\u043e\u0434\/echo-shisu\/","title":{"rendered":"Echo Shisu"},"content":{"rendered":"<p data-path-to-node=\"2,0\">Ko\u0161ulja sa ruskom kragnom i \u201ebalon\u201c rukavima, inspirisana kimonom.<\/p>\n<p data-path-to-node=\"2,1\">Njena posebnost ogleda se u ru\u010dno vezenom cvetnom vrtu sa motivom laste na le\u0111ima.<\/p>\n<p data-path-to-node=\"2,2\">Unikat u Etsuko kolekciji. Sli\u010dan komad se mo\u017ee izraditi, ali ne i identi\u010dan.<\/p>","protected":false},"excerpt":{"rendered":"<ul>\n<li>\n<p data-path-to-node=\"31,0,0\"><b>Materijal:<\/b> 30% lan, 70% viskoza<\/p>\n<\/li>\n<li>\n<p data-path-to-node=\"31,1,0\"><b>Boje:<\/b> prljavo bela (off white)<\/p>\n<\/li>\n<li>\n<p data-path-to-node=\"31,2,0\"><b>Veli\u010dine:<\/b> M<\/p>\n<\/li>\n<li>\n<p data-path-to-node=\"31,3,0\"><b>Izrada:<\/b> RU\u010cNO RA\u0110ENO<\/p>\n<\/li>\n<\/ul>","protected":false},"featured_media":941,"comment_status":"open","ping_status":"closed","template":"","meta":[],"product_brand":[],"product_cat":[38,28],"product_tag":[],"class_list":{"0":"post-938","1":"product","2":"type-product","3":"status-publish","4":"has-post-thumbnail","6":"product_cat-chapter-1","7":"product_cat-shirts","9":"first","10":"outofstock","11":"shipping-taxable","12":"product-type-variable"},"_links":{"self":[{"href":"https:\/\/etsuko32.com\/sr\/wp-json\/wp\/v2\/product\/938","targetHints":{"allow":["GET"]}}],"collection":[{"href":"https:\/\/etsuko32.com\/sr\/wp-json\/wp\/v2\/product"}],"about":[{"href":"https:\/\/etsuko32.com\/sr\/wp-json\/wp\/v2\/types\/product"}],"replies":[{"embeddable":true,"href":"https:\/\/etsuko32.com\/sr\/wp-json\/wp\/v2\/comments?post=938"}],"wp:featuredmedia":[{"embeddable":true,"href":"https:\/\/etsuko32.com\/sr\/wp-json\/wp\/v2\/media\/941"}],"wp:attachment":[{"href":"https:\/\/etsuko32.com\/sr\/wp-json\/wp\/v2\/media?parent=938"}],"wp:term":[{"taxonomy":"product_brand","embeddable":true,"href":"https:\/\/etsuko32.com\/sr\/wp-json\/wp\/v2\/product_brand?post=938"},{"taxonomy":"product_cat","embeddable":true,"href":"https:\/\/etsuko32.com\/sr\/wp-json\/wp\/v2\/product_cat?post=938"},{"taxonomy":"product_tag","embeddable":true,"href":"https:\/\/etsuko32.com\/sr\/wp-json\/wp\/v2\/product_tag?post=938"}],"curies":[{"name":"wp","href":"https:\/\/api.w.org\/{rel}","templated":true}]}}